{"id":159,"date":"2012-05-02T11:10:55","date_gmt":"2012-05-02T09:10:55","guid":{"rendered":"http:\/\/essig.dev.azedo.at\/?page_id=159"},"modified":"2020-01-14T14:23:42","modified_gmt":"2020-01-14T13:23:42","slug":"knowledge","status":"publish","type":"page","link":"https:\/\/www.essig.at\/en\/knowledge\/","title":{"rendered":"Knowledge around vinegar"},"content":{"rendered":"\t\t<div data-elementor-type=\"wp-page\" data-elementor-id=\"159\" class=\"elementor elementor-159 elementor-12\">\n\t\t\t\t\t\t<section class=\"elementor-section elementor-top-section elementor-element elementor-element-1ddf3aa5 elementor-section-boxed elementor-section-height-default elementor-section-height-default\" data-id=\"1ddf3aa5\" data-element_type=\"section\" data-e-type=\"section\">\n\t\t\t\t\t\t<div class=\"elementor-container elementor-column-gap-default\">\n\t\t\t\t\t<div class=\"elementor-column elementor-col-100 elementor-top-column elementor-element elementor-element-34af631d\" data-id=\"34af631d\" data-element_type=\"column\" data-e-type=\"column\">\n\t\t\t<div class=\"elementor-widget-wrap elementor-element-populated\">\n\t\t\t\t\t\t<div class=\"elementor-element elementor-element-cc8be02 elementor-widget elementor-widget-spacer\" data-id=\"cc8be02\" data-element_type=\"widget\" data-e-type=\"widget\" data-widget_type=\"spacer.default\">\n\t\t\t\t<div class=\"elementor-widget-container\">\n\t\t\t\t\t\t\t<div class=\"elementor-spacer\">\n\t\t\t<div class=\"elementor-spacer-inner\"><\/div>\n\t\t<\/div>\n\t\t\t\t\t\t<\/div>\n\t\t\t\t<\/div>\n\t\t\t\t<div class=\"elementor-element elementor-element-53d523b8 elementor-widget elementor-widget-text-editor\" data-id=\"53d523b8\" data-element_type=\"widget\" data-e-type=\"widget\" data-widget_type=\"text-editor.default\">\n\t\t\t\t<div class=\"elementor-widget-container\">\n\t\t\t\t\t\t\t\t\t<img fetchpriority=\"high\" decoding=\"async\" class=\"size-medium wp-image-4069 alignleft\" src=\"https:\/\/www.essig.at\/wp-content\/uploads\/2012\/04\/Wissen_Essig-300x295.jpg\" alt=\"KONICA MINOLTA DIGITAL CAMERA\" width=\"300\" height=\"295\" \/>\r\n<h3><a href=\"https:\/\/www.essig.at\/en\/what-exactly-is-vinegar\/\">What is vinegar<\/a><\/h3>\r\nDid you know that vinegar is the oldest storable food? Besides there are many interesting facts about vinegar.\r\n<p style=\"text-align: right;\"><a href=\"https:\/\/www.essig.at\/en\/what-exactly-is-vinegar\/\">more &#8230;<\/a><\/p>\r\n\r\n<h3>\u00a0<a href=\"https:\/\/www.essig.at\/en\/varieties\/\">Diversity through nature<\/a><\/h3>\r\nVinegar can be made of all kind of fruits, vegetable and grains which can fermented. Learn more about the <a href=\"https:\/\/www.essig.at\/en\/varieties\/\">varieties of vinegar.<\/a>\r\n<p style=\"text-align: right;\"><a href=\"https:\/\/www.essig.at\/en\/varieties\/\">more &#8230;<\/a><\/p>\r\n\r\n<h3><a href=\"https:\/\/www.essig.at\/en\/manufacturing-methods\/\">The production<\/a><\/h3>\r\nTraditional manufacturing and high tech are no contradiction. Talented vinegar makers combine traditional and <a href=\"https:\/\/www.essig.at\/en\/small-scale-labu\/\">high tech methods<\/a> successfully.\r\n<p style=\"text-align: right;\"><a href=\"https:\/\/www.essig.at\/en\/production\/\">more &#8230;<\/a><\/p>\r\n\r\n<h3><a href=\"https:\/\/www.essig.at\/en\/balsamic-vinegar\/\">Balsamic vinegar\u00a0\u00a0\u00a0<\/a><\/h3>\r\n&#8220;Sweet, dark and expensive&#8221; is no guarantee that a balsamic vinegar is good. All about the Italian &#8220;balsam&#8221;.\r\n<p style=\"text-align: right;\"><a href=\"https:\/\/www.essig.at\/en\/balsamic-vinegar\/\">more &#8230;<\/a><\/p>\r\n\r\n<h3><a href=\"https:\/\/www.essig.at\/en\/well-being\/\">Vinegar and health<\/a><\/h3>\r\nVinegar is said to have special power when it comes to health and losing weight. What is true?\r\n<p style=\"text-align: right;\"><a href=\"https:\/\/www.essig.at\/en\/well-being\/\">more&#8230;<\/a><\/p>\r\n\r\n<h3><a href=\"https:\/\/www.essig.at\/en\/beauty\/\">Vinegar and beauty\u00a0\u00a0\u00a0<\/a><\/h3>\r\n<a href=\"https:\/\/www.essig.at\/en\/beauty\/\">Vinegar for skin<\/a> and hair, vinegar for cleaning.\u00a0 In modern <a href=\"https:\/\/www.essig.at\/en\/beauty\/\">natural cosmetics<\/a>, vinegar is an important ingredient.\r\n<p style=\"text-align: right;\"><a href=\"https:\/\/www.essig.at\/en\/beauty\/\">more&#8230;<\/a><\/p>\r\n\r\n<h3><a href=\"https:\/\/www.essig.at\/en\/lexicon\/\">Literature<\/a><\/h3>\r\n&#8220;Kulinarische Erlebnisse der sauren Art&#8221; is the name of our German written cooking book Our technical literature will show you the way to high quality products.\r\n<p style=\"text-align: right;\"><a href=\"https:\/\/secure.essig.at\/essigladen\/catalog\/\">more&#8230;\u00a0\u00a0\u00a0<\/a><\/p>\r\n\r\n<h3><a href=\"https:\/\/www.essig.at\/en\/links\/\">Links<\/a><\/h3>\r\nNot every vinegar with a promising bottle and label is also tasting good. We have collected some interesting links for you.\r\n<p style=\"text-align: right;\"><a href=\"https:\/\/www.essig.at\/en\/links\/\">more&#8230;<\/a><\/p>\r\n&nbsp;\t\t\t\t\t\t\t\t<\/div>\n\t\t\t\t<\/div>\n\t\t\t\t\t<\/div>\n\t\t<\/div>\n\t\t\t\t\t<\/div>\n\t\t<\/section>\n\t\t\t\t<\/div>\n\t\t","protected":false},"excerpt":{"rendered":"<p>Senf Senf Senfkaviar S\u00fc\u00dfer Senf Literatur Literatur Kochen und BBQ Kochen und BBQ BBQ-Saucen Messer Paradeis Geschenke und Sets Geschenke und Sets Weihnachten F\u00fcr die Essigproduktion F\u00fcr die Essigproduktion Essige Essige Apfelessig Balsamessige Fruchtessige Gem\u00fcseessige Weinessig Edle \u00d6le Edle \u00d6le K\u00fcrbiskern\u00f6l Oliven\u00f6l extra vergine \u00d6lspezialit\u00e4ten Delikatessen Delikatessen Schokoladen What is vinegar Did you know that &#8230; <a title=\"Knowledge around vinegar\" class=\"read-more\" href=\"https:\/\/www.essig.at\/en\/knowledge\/\" aria-label=\"Read more about Knowledge around vinegar\">mehr erfahren<\/a><\/p>\n","protected":false},"author":2,"featured_media":0,"parent":0,"menu_order":0,"comment_status":"closed","ping_status":"open","template":"","meta":{"footnotes":""},"class_list":["post-159","page","type-page","status-publish"],"_links":{"self":[{"href":"https:\/\/www.essig.at\/en\/wp-json\/wp\/v2\/pages\/159","targetHints":{"allow":["GET"]}}],"collection":[{"href":"https:\/\/www.essig.at\/en\/wp-json\/wp\/v2\/pages"}],"about":[{"href":"https:\/\/www.essig.at\/en\/wp-json\/wp\/v2\/types\/page"}],"author":[{"embeddable":true,"href":"https:\/\/www.essig.at\/en\/wp-json\/wp\/v2\/users\/2"}],"replies":[{"embeddable":true,"href":"https:\/\/www.essig.at\/en\/wp-json\/wp\/v2\/comments?post=159"}],"version-history":[{"count":2,"href":"https:\/\/www.essig.at\/en\/wp-json\/wp\/v2\/pages\/159\/revisions"}],"predecessor-version":[{"id":10278,"href":"https:\/\/www.essig.at\/en\/wp-json\/wp\/v2\/pages\/159\/revisions\/10278"}],"wp:attachment":[{"href":"https:\/\/www.essig.at\/en\/wp-json\/wp\/v2\/media?parent=159"}],"curies":[{"name":"wp","href":"https:\/\/api.w.org\/{rel}","templated":true}]}}