{"id":878,"date":"2012-05-30T13:59:08","date_gmt":"2012-05-30T11:59:08","guid":{"rendered":"http:\/\/essig.dev.azedo.at\/home-2\/"},"modified":"2016-09-01T13:16:30","modified_gmt":"2016-09-01T11:16:30","slug":"home-2-3","status":"publish","type":"page","link":"https:\/\/www.essig.at\/fr\/","title":{"rendered":"Bienvenue chez Fischerauer &#8211; Alles um den Essig"},"content":{"rendered":"<h2><a href=\"https:\/\/www.essig.at\/wp-content\/uploads\/2012\/05\/home.jpg\"><img decoding=\"async\" class=\"alignnone size-full wp-image-997\" title=\"home\" src=\"https:\/\/www.essig.at\/wp-content\/uploads\/2012\/05\/home.jpg\" alt=\"\" width=\"194\" height=\"120\" \/><\/a><\/h2>\n<h2>Portrait de l&rsquo;entreprise<\/h2>\n<p>L&rsquo;entreprise Fischerauer &#8211; Alles um den Essig, dirig\u00e9e par l&rsquo;ing\u00e9nieur Andreas Fischerauer, est le premier endroit o\u00f9 s&rsquo;adresser pour toute question relative \u00e0 la production moderne et efficace de vinaigre. Conseil technique, savoir de production et exp\u00e9rience dans la commercialisation de vinaigre sont les fondements d&rsquo;une production de vinaigre moderne et nos forces pour vous conseiller efficacement. Nous fournissons \u00e0 pr\u00e9sent notre savoir-faire ainsi que des machines destin\u00e9es \u00e0 la pr\u00e9paration de vinaigre \u00e0 plus de 130 producteurs de vinaigre. Nos installations d&rsquo;immersion, qui transforment en une p\u00e9riode courte les vins de fruits, les vins et l\u00e1lcool en vinaigre, ont \u00e9t\u00e9 con\u00e7ues sp\u00e9cialement pour votre production. Un r\u00e9seau de partenaires internationaux nous permet d&rsquo;\u00eatre votre interlocuteur, de la planification de base au concept de marketing avec tous les calculs \u00e9conomiques. En plus du service conseil, l&rsquo;entreprise Fischerauer &#8211; Alles um den Essig produit elle-m\u00eame plus de 15 sp\u00e9cialit\u00e9s de vinaigre \u00e0 partir de 100 % de jus de fruit sans ajout et commercialise environ 40 vinaigres de qualit\u00e9 ainsi que des mets de choix et des ouvrages sp\u00e9cialis\u00e9s sur sa boutique en ligne \u00e0 l&rsquo;adresse <a href=\"http:\/\/www.vinegar.at\">www.vinegar.at<\/a>.<\/p>\n<h2>La production de vinaigre<\/h2>\n<p>Deux types de fabrication existent pour la fabrication moderne de vinaigre.<\/p>\n<ul>\n<li>Le proc\u00e9d\u00e9 traditionnel, tel que la pr\u00e9paration de vinaigre balsamique et la fermentation ouverte. Ainsi se produit la transformation du sucre ou de l&rsquo;alcool en vinaigre. Une m\u00e8re de vinaigre se cr\u00e9\u00e9 plusieurs fois \u00e0 la surface. La transformation peut prendre 12 ans, comme pour le traditionnel Aceto Balsamico tradizionale di Modena.<\/li>\n<li>Le proc\u00e9d\u00e9 moderne par immersion, au cours duquel les cultures de vinaigre sont en suspension et la ventilation s&rsquo;effectue par des turbines ou des tubes de Venturi : ce proc\u00e9d\u00e9 n\u00e9cessite en revanche entre 1 et 5 jours pour transformer un liquide alcoolis\u00e9. R\u00e9sultat : une rentabilit\u00e9 importante de l&rsquo;investissement. Nous sommes en mesure de vous fournir toutes les tailles d&rsquo;installations pour vinaigre, des petites installations d&rsquo;une contenance de 20 litres aux installations plus grandes de 57 000 litres.<\/li>\n<\/ul>\n<h2>Utilisation<\/h2>\n<p>Le vinaigre fait partie des plus anciens aliments de l&rsquo;humanit\u00e9. Il est incontestable que le vinaigre de pomme issu de jus de pomme frais (et non d&rsquo;un concentr\u00e9 !) ou le vinaigre balsamique traditionnel ont un effet positif sur la sant\u00e9. Egalement dans les soins de beaut\u00e9 et dans le domaine du nettoyage, il est inconcevable de se passer du vinaigre. Mais c&rsquo;est l&rsquo;Homme qui occupe chez nous le devant de la sc\u00e8ne. Le d\u00e9licieux vinaigre haut de gamme enrichit de nombreux plats et diversifie les go\u00fbts. Etes-vous int\u00e9ress\u00e9(e) par la fabrication de vinaigre ? N&rsquo;h\u00e9sitez pas \u00e0 nous contacter ou commandez nos vinaigres sur notre boutique \u00e0 l&rsquo;adresse <a href=\"http:\/\/www.vinegar.at\">www.vinegar.at<\/a><\/p>\n<h2>Contact<\/h2>\n<p>Ing. Andreas Fischerauer<br \/>\nN\u00b0. 156<br \/>\nA 8212 Pischelsdorf<br \/>\nT\u00e9l\u00e9phone et t\u00e9l\u00e9copie: +43\/3113\/2348<br \/>\nPortable: +43\/676\/63 61 913<br \/>\nSite Web: <a href=\"https:\/\/www.essig.a\">www.essig.at<\/a> o <a href=\"http:\/\/www.vinegar.at\">www.vinegar.at<\/a><br \/>\ne-mail: <a href=\"https:\/\/www.essig.at\/fr\/contact\/\">contact form<\/a><\/p>\n","protected":false},"excerpt":{"rendered":"<p>Portrait de l&rsquo;entreprise L&rsquo;entreprise Fischerauer &#8211; Alles um den Essig, dirig\u00e9e par l&rsquo;ing\u00e9nieur Andreas Fischerauer, est le premier endroit o\u00f9 s&rsquo;adresser pour toute question relative \u00e0 la production moderne et efficace de vinaigre. Conseil technique, savoir de production et exp\u00e9rience dans la commercialisation de vinaigre sont les fondements d&rsquo;une production de vinaigre moderne et nos &#8230; <a title=\"Bienvenue chez Fischerauer &#8211; Alles um den Essig\" class=\"read-more\" href=\"https:\/\/www.essig.at\/fr\/\" aria-label=\"En savoir plus sur Bienvenue chez Fischerauer &#8211; Alles um den Essig\">mehr erfahren<\/a><\/p>\n","protected":false},"author":2,"featured_media":0,"parent":0,"menu_order":0,"comment_status":"closed","ping_status":"open","template":"","meta":{"footnotes":""},"class_list":["post-878","page","type-page","status-publish"],"_links":{"self":[{"href":"https:\/\/www.essig.at\/fr\/wp-json\/wp\/v2\/pages\/878","targetHints":{"allow":["GET"]}}],"collection":[{"href":"https:\/\/www.essig.at\/fr\/wp-json\/wp\/v2\/pages"}],"about":[{"href":"https:\/\/www.essig.at\/fr\/wp-json\/wp\/v2\/types\/page"}],"author":[{"embeddable":true,"href":"https:\/\/www.essig.at\/fr\/wp-json\/wp\/v2\/users\/2"}],"replies":[{"embeddable":true,"href":"https:\/\/www.essig.at\/fr\/wp-json\/wp\/v2\/comments?post=878"}],"version-history":[{"count":0,"href":"https:\/\/www.essig.at\/fr\/wp-json\/wp\/v2\/pages\/878\/revisions"}],"wp:attachment":[{"href":"https:\/\/www.essig.at\/fr\/wp-json\/wp\/v2\/media?parent=878"}],"curies":[{"name":"wp","href":"https:\/\/api.w.org\/{rel}","templated":true}]}}