{"id":879,"date":"2012-05-30T13:59:08","date_gmt":"2012-05-30T11:59:08","guid":{"rendered":"http:\/\/essig.dev.azedo.at\/home-2\/"},"modified":"2016-09-01T11:56:57","modified_gmt":"2016-09-01T09:56:57","slug":"home-2-2","status":"publish","type":"page","link":"https:\/\/www.essig.at\/it\/","title":{"rendered":"Benvenuti da Fischerauer &#8211; Alles um den Essig"},"content":{"rendered":"<p><a href=\"https:\/\/www.essig.at\/wp-content\/uploads\/2012\/05\/home.jpg\"><img decoding=\"async\" class=\"alignnone size-full wp-image-997\" title=\"home\" src=\"https:\/\/www.essig.at\/wp-content\/uploads\/2012\/05\/home.jpg\" alt=\"\" width=\"194\" height=\"120\" \/><\/a><\/p>\n<p>Questa pagina presenta la ditta Fischerauer &#8211; Alles um den Essig (tutto sull&#8217;aceto) nella vostra lingua. Di seguito troverete un profilo dell&#8217;azienda e informazioni relative al settore dell&#8217;aceto. Le nostre lingue di lavoro sono il tedesco e l&#8217;inglese. Vi preghiamo, quindi, di inviarci e-mail o richieste utilizzando queste lingue.<\/p>\n<h2>Profilo aziendale<\/h2>\n<p>Noi, la ditta Fischerauer &#8211; Alles um den Essig, diretta dall&#8217;Ing. Andreas Fischerauer, siamo il primo centro di riferimento per ogni quesito in materia di produzione di aceto moderna ed efficiente. Consulting tecnico, conoscenze in fatto di produzione ed esperienza nel settore della commercializzazione dell&#8217;aceto sono le colonne portanti del moderno commercio dell&#8217;aceto e rappresentano le carte vincenti della consulenza da noi offerta a vostro vantaggio. Forniamo a oltre 130 produttori know how e macchine per la preparazione dell&#8217;aceto. Progettiamo e concepiamo, ad hoc per le vostre esigenze, impianti di fermentazione sommersa moderni che in breve tempo trasformano vino di frutta, vino e alcol in aceto. Grazie a una rete di partner internazionali riusciamo a essere un referente sempre presente in tutte le fasi: dalla pianificazione di base alla strategia di marketing, calcoli economici compresi. La ditta Fischerauer &#8211; Alles um den Essig non si occupa solo di consulenza, ma \u00e8 essa stessa produttrice di oltre 15 specialit\u00e0 di aceti con succo di frutta al 100 % senza additivi e distribuisce, attraverso il negozio on-line sul sito Internet <a href=\"http:\/\/www.vinegar.at\">www.vinegar.at<\/a>, 40 tipi di aceto, leccornie e libri tecnici.<\/p>\n<h2>La produzione dell`aceto<\/h2>\n<p>Nelle moderne acetaie \u00e8 possibile distinguere tra due diversi tipi di produzione.<\/p>\n<ul>\n<li>Il processo tradizionale, come nel caso dell\u00b4aceto baldamico e la fermentazione aperta, tramite cui avviene la trasformazione di zucchero o alcol in aceto. Spesso insuperficie \u00e8 presente la &#8220;madre dell\u00b4aceto&#8221; (una colonia di acetobatteri). La trasfromatzione pu\u00f2 richiedere 12 anni, come nell\u00b4Aceto Balsamico tradizionale di Modena.<\/li>\n<li>I moderni processi di fermentazione sommersa, in cui gli acetobatteri sono immersi e l&#8217;areazione avviene mediante turbine o ugelli di Venturi, richiedono invece\u00a0 1 &#8211; 5 giorni per la trasformazione di un liquido alcolico.Il tal modo si ottiene un elevato ritorno economico sull&#8217;investimento. Possiamo offrirvi impianti di ogni dimensione e capienza, a partire da 20 litri fino a 57.000 litri.<\/li>\n<\/ul>\n<h2>Impieghi<\/h2>\n<p>L&#8217;aceto \u00e8 uno dei pi\u00f9 antichi alimenti dell&#8217;umanit\u00e0. Gli effetti benefici dell&#8217;aceto di mele da succo di mele fresco (non da concentrati!) o dell&#8217;aceto balsamico tradizionale sono insuperabili. L&#8217;aceto \u00e8 eccezionale anche come prodotto di bellezza o da utilizzare nelle pulizie. Ma al centro del nostro interesse c&#8217;\u00e8 l&#8217;uomo. Il sapore dell&#8217;aceto di qualit\u00e0 arricchisce molte pietanze e amplia la variet\u00e0 dei sapori. Siete interessati alla produzione dell&#8217;aceto? Contattateci o ordinate i nostri aceti nel negozio on-line su <a href=\"http:\/\/www.vinegar.at\">www.vinegar.at <\/a><\/p>\n<h2>Contatti<\/h2>\n<p>Ing. Andreas Fischerauer<br \/>\nNr. 156<br \/>\nA 8212 Pischelsdorf<br \/>\nTelefono e fax: +43\/3113\/2348<br \/>\nCellulare: +43\/676\/63 61 913<br \/>\nSito Internet: <a href=\"http:\/\/essig.dev.azedo.at\">www.essig.at<\/a> o <a href=\"http:\/\/www.vinegar.at\">www.vinegar.at<\/a><br \/>\ne-mail: <a href=\"https:\/\/www.essig.at\/it\/contact\/\">contact form<\/a><\/p>\n","protected":false},"excerpt":{"rendered":"<p>Questa pagina presenta la ditta Fischerauer &#8211; Alles um den Essig (tutto sull&#8217;aceto) nella vostra lingua. Di seguito troverete un profilo dell&#8217;azienda e informazioni relative al settore dell&#8217;aceto. Le nostre lingue di lavoro sono il tedesco e l&#8217;inglese. Vi preghiamo, quindi, di inviarci e-mail o richieste utilizzando queste lingue. Profilo aziendale Noi, la ditta Fischerauer &#8230; <a title=\"Benvenuti da Fischerauer &#8211; Alles um den Essig\" class=\"read-more\" href=\"https:\/\/www.essig.at\/it\/\" aria-label=\"Per saperne di pi\u00f9 su Benvenuti da Fischerauer &#8211; Alles um den Essig\">mehr erfahren<\/a><\/p>\n","protected":false},"author":2,"featured_media":0,"parent":0,"menu_order":0,"comment_status":"closed","ping_status":"open","template":"","meta":{"footnotes":""},"class_list":["post-879","page","type-page","status-publish"],"_links":{"self":[{"href":"https:\/\/www.essig.at\/it\/wp-json\/wp\/v2\/pages\/879","targetHints":{"allow":["GET"]}}],"collection":[{"href":"https:\/\/www.essig.at\/it\/wp-json\/wp\/v2\/pages"}],"about":[{"href":"https:\/\/www.essig.at\/it\/wp-json\/wp\/v2\/types\/page"}],"author":[{"embeddable":true,"href":"https:\/\/www.essig.at\/it\/wp-json\/wp\/v2\/users\/2"}],"replies":[{"embeddable":true,"href":"https:\/\/www.essig.at\/it\/wp-json\/wp\/v2\/comments?post=879"}],"version-history":[{"count":0,"href":"https:\/\/www.essig.at\/it\/wp-json\/wp\/v2\/pages\/879\/revisions"}],"wp:attachment":[{"href":"https:\/\/www.essig.at\/it\/wp-json\/wp\/v2\/media?parent=879"}],"curies":[{"name":"wp","href":"https:\/\/api.w.org\/{rel}","templated":true}]}}